{"id":65,"date":"2018-01-19T16:12:07","date_gmt":"2018-01-19T09:12:07","guid":{"rendered":"https:\/\/hedieuhanh.net\/site\/download\/?page_id=65"},"modified":"2018-01-20T15:22:57","modified_gmt":"2018-01-20T08:22:57","slug":"key-windows-7","status":"publish","type":"page","link":"https:\/\/hedieuhanh.net\/site\/download\/key-windows-7\/","title":{"rendered":"Key windows 7"},"content":{"rendered":"<p><span style=\"font-size: 14pt;\"><strong>Key Win 7 l\u00e0 g\u00ec ? C\u1eadp nh\u1eadt KEY Windows 7 M\u1edbi nh\u1ea5t 2018<\/strong><\/span><\/p>\n<p><strong>Key Win 7<\/strong> l\u00e0 nh\u1eefng \u0111o\u1ea1n m\u00e3 code bao g\u1ed3m ch\u1eef hoa v\u00e0 s\u1ed1 d\u00f9ng \u0111\u1ec3 k\u00edch ho\u1ea1t b\u1ea3n quy\u1ec1n c\u1ee7a h\u1ec7 \u0111i\u1ec1u h\u00e0nh Windows 7. M\u1ed9t key windows 7 c\u00f3 25 k\u00fd t\u1ef1, b\u1ea1n c\u00f3 th\u1ec3 l\u1ea5y c\u00e1c k\u00fd t\u1ef1 m\u00e3 k\u00edch ho\u1ea1t b\u1ea3n quy\u1ec1n n\u00e0y b\u1eb1ng c\u00e1ch mua t\u1eeb nh\u00e0 ph\u00e1t h\u00e0nh win 7.<\/p>\n<p><img decoding=\"async\" loading=\"lazy\" class=\"wp-image-66 size-full aligncenter\" src=\"https:\/\/hedieuhanh.net\/site\/download\/wp-content\/uploads\/sites\/2\/2018\/01\/hqdefault.jpg\" alt=\"\" width=\"480\" height=\"360\" srcset=\"https:\/\/hedieuhanh.net\/site\/download\/wp-content\/uploads\/sites\/2\/2018\/01\/hqdefault.jpg 480w, https:\/\/hedieuhanh.net\/site\/download\/wp-content\/uploads\/sites\/2\/2018\/01\/hqdefault-300x225.jpg 300w\" sizes=\"(max-width: 480px) 100vw, 480px\" \/><\/p>\n<p>D\u01b0\u1edbi \u0111\u00e2y th\u00ec Hedieuhanh.net \u0111\u00e3 s\u01b0u t\u1ea7m \u0111\u01b0\u1ee3c m\u1ed9t s\u1ed1 m\u00e3 key win 7 m\u1edbi nh\u1ea5t, c\u00f2n s\u1eed d\u1ee5ng \u0111\u01b0\u1ee3c \u0111\u1ec3 c\u00e1c b\u1ea1n s\u1eed d\u1ee5ng trong qu\u00e1 tr\u00ecnh c\u00e0i \u0111\u1eb7t windows 7 nh\u00e9. C\u00e1c b\u1ea1n l\u01b0u \u00fd l\u1ef1a ch\u1ecdn key win 7 sao cho ph\u00f9 h\u1ee3p v\u1edbi phi\u00ean b\u1ea3n windows 7 m\u00e0 b\u1ea1n \u0111ang s\u1eed d\u1ee5ng. Ch\u00fang t\u00f4i \u0111\u00e3 ph\u00e2n chia m\u00e3 key cho t\u1eebng phi\u00ean b\u1ea3n r\u1ed3i, tuy nhi\u00ean th\u00ec b\u1ea1n v\u1eabn c\u1ea7n ph\u1ea3i l\u01b0u \u00fd khi ch\u1ecdn m\u00e3 key win 7 \u0111\u1ec3 c\u00f3 th\u1ec3 c\u00e0i \u0111\u1eb7t th\u00e0nh c\u00f4ng.<\/p>\n<p><span style=\"text-decoration: underline;\"><span style=\"color: #0000ff;\"><strong>KEY WINDOWS 7 STARTER:<\/strong><\/span><\/span><\/p>\n<table class=\"nz-table\">\n<thead>\n<tr>\n<th style=\"width: 100px; text-align: center;\"><strong>Logo<\/strong><\/th>\n<th style=\"width: 146.733px; text-align: center;\"><strong>Version<\/strong><\/th>\n<th style=\"width: 295.75px; text-align: center;\"><strong>Key<\/strong><\/th>\n<\/tr>\n<\/thead>\n<tbody>\n<tr>\n<td style=\"width: 100px; text-align: center;\"><img decoding=\"async\" loading=\"lazy\" class=\"alignnone size-full wp-image-90\" src=\"https:\/\/hedieuhanh.net\/site\/download\/wp-content\/uploads\/sites\/2\/2018\/01\/windows-7-starter-key.jpg\" alt=\"\" width=\"218\" height=\"266\" \/><\/td>\n<td style=\"width: 146.733px; text-align: center;\">Windows 7 Starter<\/td>\n<td style=\"width: 295.75px; text-align: center;\">7Q28W-FT9PC-CMMYT-WHMY2-89M6G<\/td>\n<\/tr>\n<tr>\n<td style=\"width: 100px; text-align: center;\"><img decoding=\"async\" loading=\"lazy\" class=\"alignnone size-full wp-image-90\" src=\"https:\/\/hedieuhanh.net\/site\/download\/wp-content\/uploads\/sites\/2\/2018\/01\/windows-7-starter-key.jpg\" alt=\"\" width=\"218\" height=\"266\" \/><\/td>\n<td style=\"width: 146.733px; text-align: center;\">Windows\u00a07 Starter N<\/td>\n<td style=\"width: 295.75px; text-align: center;\">D4C3G-38HGY-HGQCV-QCWR8-97FFR<\/td>\n<\/tr>\n<tr>\n<td style=\"width: 100px; text-align: center;\"><img decoding=\"async\" loading=\"lazy\" class=\"alignnone size-full wp-image-90\" src=\"https:\/\/hedieuhanh.net\/site\/download\/wp-content\/uploads\/sites\/2\/2018\/01\/windows-7-starter-key.jpg\" alt=\"\" width=\"218\" height=\"266\" \/><\/td>\n<td style=\"width: 146.733px; text-align: center;\">Windows\u00a07 Starter E<\/td>\n<td style=\"width: 295.75px; text-align: center;\">BRQCV-K7HGQ-CKXP6-2XP7K-F233B<\/td>\n<\/tr>\n<\/tbody>\n<\/table>\n<p><strong><span style=\"text-decoration: underline;\"><span style=\"color: #0000ff; text-decoration: underline;\">KEY WINDOWS 7 HOME BASIC:<\/span><\/span><br \/>\n<\/strong><\/p>\n<table class=\"nz-table\">\n<thead>\n<tr>\n<th style=\"text-align: center;\"><strong>Logo<\/strong><\/th>\n<th style=\"text-align: center;\"><strong>Version<\/strong><\/th>\n<th style=\"text-align: center;\"><strong>Key<\/strong><\/th>\n<\/tr>\n<\/thead>\n<tbody>\n<tr>\n<td style=\"text-align: center;\"><img decoding=\"async\" loading=\"lazy\" class=\"aligncenter wp-image-86\" src=\"https:\/\/hedieuhanh.net\/site\/download\/wp-content\/uploads\/sites\/2\/2018\/01\/windows-7-home-basic-key.jpg\" alt=\"\" width=\"184\" height=\"226\" \/><\/td>\n<td style=\"text-align: center;\">Windows 7 Home Basic<\/td>\n<td style=\"text-align: center;\">YGFVB-QTFXQ-3H233-PTWTJ-YRYRV<\/td>\n<\/tr>\n<tr>\n<td style=\"text-align: center;\"><img decoding=\"async\" loading=\"lazy\" class=\"aligncenter wp-image-86\" src=\"https:\/\/hedieuhanh.net\/site\/download\/wp-content\/uploads\/sites\/2\/2018\/01\/windows-7-home-basic-key.jpg\" alt=\"\" width=\"184\" height=\"226\" \/><\/td>\n<td style=\"text-align: center;\">Windows 7 Home Basic N<\/td>\n<td style=\"text-align: center;\">MD83G-H98CG-DXPYQ-Q8GCR-HM8X2<\/td>\n<\/tr>\n<tr>\n<td style=\"text-align: center;\"><img decoding=\"async\" loading=\"lazy\" class=\"aligncenter wp-image-86\" src=\"https:\/\/hedieuhanh.net\/site\/download\/wp-content\/uploads\/sites\/2\/2018\/01\/windows-7-home-basic-key.jpg\" alt=\"\" width=\"184\" height=\"226\" \/><\/td>\n<td style=\"text-align: center;\">Windows 7 Home Basic E<\/td>\n<td style=\"text-align: center;\">VTKM9-74GQY-K3W94-47DHV-FTXJY<\/td>\n<\/tr>\n<\/tbody>\n<\/table>\n<p><span style=\"text-decoration: underline;\"><span style=\"color: #0000ff;\"><strong>KEY WINDOWS 7 HOME PREMIUM:<\/strong><\/span><\/span><\/p>\n<table class=\"nz-table\">\n<thead>\n<tr>\n<th><strong>Logo<\/strong><\/th>\n<th><strong>Version<\/strong><\/th>\n<th><strong>Key<\/strong><\/th>\n<\/tr>\n<\/thead>\n<tbody>\n<tr>\n<td><img decoding=\"async\" loading=\"lazy\" class=\"alignnone size-full wp-image-88\" src=\"https:\/\/hedieuhanh.net\/site\/download\/wp-content\/uploads\/sites\/2\/2018\/01\/windows-7-home-premium-key.jpg\" alt=\"\" width=\"211\" height=\"269\" \/><\/td>\n<td>Windows 7 Home\u00a0Premium<\/td>\n<td>RHPQ2-RMFJH-74XYM-BH4JX-XM76F<\/td>\n<\/tr>\n<tr>\n<td><img decoding=\"async\" loading=\"lazy\" class=\"alignnone size-full wp-image-88\" src=\"https:\/\/hedieuhanh.net\/site\/download\/wp-content\/uploads\/sites\/2\/2018\/01\/windows-7-home-premium-key.jpg\" alt=\"\" width=\"211\" height=\"269\" \/><\/td>\n<td>Windows 7 Home\u00a0Premium N<\/td>\n<td>D3PVQ-V7M4J-9Q9K3-GG4K3-F99JM<\/td>\n<\/tr>\n<tr>\n<td><img decoding=\"async\" loading=\"lazy\" class=\"alignnone size-full wp-image-88\" src=\"https:\/\/hedieuhanh.net\/site\/download\/wp-content\/uploads\/sites\/2\/2018\/01\/windows-7-home-premium-key.jpg\" alt=\"\" width=\"211\" height=\"269\" \/><\/td>\n<td>Windows 7 Home\u00a0Premium E<\/td>\n<td>76BRM-9Q4K3-QDJ48-FH4F3-9WT2R<\/td>\n<\/tr>\n<\/tbody>\n<\/table>\n<p><span style=\"text-decoration: underline;\"><span style=\"color: #0000ff;\"><strong>KEY WINDOWS 7 PROFESSIONAL:<\/strong><\/span><\/span><\/p>\n<table class=\"nz-table\">\n<thead>\n<tr>\n<th><strong>Logo<\/strong><\/th>\n<th><strong>Version<\/strong><\/th>\n<th><strong>Key<\/strong><\/th>\n<\/tr>\n<\/thead>\n<tbody>\n<tr>\n<td><img decoding=\"async\" loading=\"lazy\" class=\"alignnone size-full wp-image-89\" src=\"https:\/\/hedieuhanh.net\/site\/download\/wp-content\/uploads\/sites\/2\/2018\/01\/windows-7-professional-key.jpg\" alt=\"\" width=\"219\" height=\"273\" \/><\/td>\n<td>Windows 7\u00a0Professional<\/td>\n<td>FJ82H-XT6CR-J8D7P-XQJJ2-GPDD4<\/td>\n<\/tr>\n<tr>\n<td><img decoding=\"async\" loading=\"lazy\" class=\"alignnone size-full wp-image-89\" src=\"https:\/\/hedieuhanh.net\/site\/download\/wp-content\/uploads\/sites\/2\/2018\/01\/windows-7-professional-key.jpg\" alt=\"\" width=\"219\" height=\"273\" \/><\/td>\n<td>Windows 7\u00a0Professional N<\/td>\n<td>MRPKT-YTG23-K7D7T-X2JMM-QY7MG<\/td>\n<\/tr>\n<tr>\n<td><img decoding=\"async\" loading=\"lazy\" class=\"alignnone size-full wp-image-89\" src=\"https:\/\/hedieuhanh.net\/site\/download\/wp-content\/uploads\/sites\/2\/2018\/01\/windows-7-professional-key.jpg\" alt=\"\" width=\"219\" height=\"273\" \/><\/td>\n<td>Windows 7\u00a0Professional E<\/td>\n<td>W82YF-2Q76Y-63HXB-FGJG9-GF7QX<\/td>\n<\/tr>\n<\/tbody>\n<\/table>\n<p><span style=\"text-decoration: underline;\"><span style=\"color: #0000ff;\"><strong>KEY WINDOWS 7 ULTIMATE:<\/strong><\/span><\/span><\/p>\n<table class=\"nz-table\">\n<thead>\n<tr>\n<th><strong>Logo<\/strong><\/th>\n<th><strong>Version<\/strong><\/th>\n<th><strong>Key<\/strong><\/th>\n<\/tr>\n<\/thead>\n<tbody>\n<tr>\n<td><img decoding=\"async\" loading=\"lazy\" class=\"alignnone size-full wp-image-91\" src=\"https:\/\/hedieuhanh.net\/site\/download\/wp-content\/uploads\/sites\/2\/2018\/01\/windows-7-ultimate-key.jpg\" alt=\"\" width=\"213\" height=\"270\" \/><\/td>\n<td>Windows 7\u00a0Ultimate<\/td>\n<td>D4F6K-QK3RD-TMVMJ-BBMRX-3MBMV<\/td>\n<\/tr>\n<tr>\n<td><img decoding=\"async\" loading=\"lazy\" class=\"alignnone size-full wp-image-91\" src=\"https:\/\/hedieuhanh.net\/site\/download\/wp-content\/uploads\/sites\/2\/2018\/01\/windows-7-ultimate-key.jpg\" alt=\"\" width=\"213\" height=\"270\" \/><\/td>\n<td>Windows 7\u00a0Ultimate N<\/td>\n<td>HTJK6-DXX8T-TVCR6-KDG67-97J8Q<\/td>\n<\/tr>\n<tr>\n<td><img decoding=\"async\" loading=\"lazy\" class=\"alignnone size-full wp-image-91\" src=\"https:\/\/hedieuhanh.net\/site\/download\/wp-content\/uploads\/sites\/2\/2018\/01\/windows-7-ultimate-key.jpg\" alt=\"\" width=\"213\" height=\"270\" \/><\/td>\n<td>Windows 7\u00a0Ultimate E<\/td>\n<td>TWMF7-M387V-XKW4Y-PVQQD-RK7C8<\/td>\n<\/tr>\n<\/tbody>\n<\/table>\n<p><span style=\"text-decoration: underline;\"><span style=\"color: #0000ff;\"><strong>KEY WINDOWS 7 ENTERPRISE:<\/strong><\/span><\/span><\/p>\n<table class=\"nz-table\">\n<thead>\n<tr>\n<th><strong>Logo<\/strong><\/th>\n<th><strong>Version<\/strong><\/th>\n<th><strong>Key<\/strong><\/th>\n<\/tr>\n<\/thead>\n<tbody>\n<tr>\n<td><img decoding=\"async\" loading=\"lazy\" class=\"alignnone size-full wp-image-85\" src=\"https:\/\/hedieuhanh.net\/site\/download\/wp-content\/uploads\/sites\/2\/2018\/01\/windows-7-enterprise-key.jpg\" alt=\"\" width=\"219\" height=\"271\" \/><\/td>\n<td>Windows 7\u00a0Enterprise<\/td>\n<td>33PXH-7Y6KF-2VJC9-XBBR8-HVTHH<\/td>\n<\/tr>\n<tr>\n<td><img decoding=\"async\" loading=\"lazy\" class=\"alignnone size-full wp-image-85\" src=\"https:\/\/hedieuhanh.net\/site\/download\/wp-content\/uploads\/sites\/2\/2018\/01\/windows-7-enterprise-key.jpg\" alt=\"\" width=\"219\" height=\"271\" \/><\/td>\n<td>Windows 7\u00a0Enterprise N<\/td>\n<td>YDRBP-3D83W-TY26F-D46B2-XCKRJ<\/td>\n<\/tr>\n<tr>\n<td><img decoding=\"async\" loading=\"lazy\" class=\"alignnone size-full wp-image-85\" src=\"https:\/\/hedieuhanh.net\/site\/download\/wp-content\/uploads\/sites\/2\/2018\/01\/windows-7-enterprise-key.jpg\" alt=\"\" width=\"219\" height=\"271\" \/><\/td>\n<td>Windows 7\u00a0Enterprise E<\/td>\n<td>C29WB-22CC8-VJ326-GHFJW-H9DH4<\/td>\n<\/tr>\n<\/tbody>\n<\/table>\n<p>Tr\u00ean \u0111\u00e2y l\u00e0 b\u1ea3n t\u1ed5ng h\u1ee3p \u0111\u1ea7y \u0111\u1ee7 nh\u1ea5t <span style=\"color: #0000ff;\"><strong>LISENCE KEY<\/strong><\/span> t\u1ea5t c\u1ea3 c\u00e1c phi\u00ean b\u1ea3n c\u1ee7a Windows 7. Ch\u00fac c\u00e1c b\u1ea1n c\u00e0i \u0111\u1eb7t th\u00e0nh c\u00f4ng!<\/p>\n","protected":false},"excerpt":{"rendered":"<p>Key Win 7 l\u00e0 g\u00ec ? C\u1eadp nh\u1eadt KEY Windows 7 M\u1edbi nh\u1ea5t 2018 Key Win 7 l\u00e0 nh\u1eefng \u0111o\u1ea1n m\u00e3 code bao g\u1ed3m ch\u1eef hoa v\u00e0 s\u1ed1 d\u00f9ng \u0111\u1ec3 k\u00edch ho\u1ea1t b\u1ea3n quy\u1ec1n c\u1ee7a h\u1ec7 \u0111i\u1ec1u h\u00e0nh Windows 7. M\u1ed9t key windows 7 c\u00f3 25 k\u00fd t\u1ef1, b\u1ea1n c\u00f3 th\u1ec3 l\u1ea5y c\u00e1c k\u00fd t\u1ef1 <\/p>\n<div class=\"read-more-text\"><a href=\"https:\/\/hedieuhanh.net\/site\/download\/key-windows-7\/\" class=\"read-more\">continue reading<\/a><\/div>\n","protected":false},"author":1,"featured_media":0,"parent":0,"menu_order":0,"comment_status":"closed","ping_status":"closed","template":"","meta":[],"yoast_head":"<!-- This site is optimized with the Yoast SEO plugin v19.10 - https:\/\/yoast.com\/wordpress\/plugins\/seo\/ -->\n<title>Key windows 7 - T\u1ea3i win 11 10 8.1 7 XP mi\u1ec5n ph\u00ed<\/title>\n<meta name=\"robots\" content=\"index, follow, max-snippet:-1, max-image-preview:large, max-video-preview:-1\" \/>\n<link rel=\"canonical\" href=\"https:\/\/hedieuhanh.net\/site\/download\/key-windows-7\/\" \/>\n<meta property=\"og:locale\" content=\"vi_VN\" \/>\n<meta property=\"og:type\" content=\"article\" \/>\n<meta property=\"og:title\" content=\"Key windows 7 - T\u1ea3i win 11 10 8.1 7 XP mi\u1ec5n ph\u00ed\" \/>\n<meta property=\"og:description\" content=\"Key Win 7 l\u00e0 g\u00ec ? C\u1eadp nh\u1eadt KEY Windows 7 M\u1edbi nh\u1ea5t 2018 Key Win 7 l\u00e0 nh\u1eefng \u0111o\u1ea1n m\u00e3 code bao g\u1ed3m ch\u1eef hoa v\u00e0 s\u1ed1 d\u00f9ng \u0111\u1ec3 k\u00edch ho\u1ea1t b\u1ea3n quy\u1ec1n c\u1ee7a h\u1ec7 \u0111i\u1ec1u h\u00e0nh Windows 7. M\u1ed9t key windows 7 c\u00f3 25 k\u00fd t\u1ef1, b\u1ea1n c\u00f3 th\u1ec3 l\u1ea5y c\u00e1c k\u00fd t\u1ef1 continue reading\" \/>\n<meta property=\"og:url\" content=\"https:\/\/hedieuhanh.net\/site\/download\/key-windows-7\/\" \/>\n<meta property=\"og:site_name\" content=\"T\u1ea3i win 11 10 8.1 7 XP mi\u1ec5n ph\u00ed\" \/>\n<meta property=\"article:publisher\" content=\"https:\/\/www.facebook.com\/huongdancaiwin\" \/>\n<meta property=\"article:modified_time\" content=\"2018-01-20T08:22:57+00:00\" \/>\n<meta property=\"og:image\" content=\"https:\/\/hedieuhanh.net\/site\/download\/wp-content\/uploads\/sites\/2\/2018\/01\/hqdefault.jpg\" \/>\n<meta name=\"twitter:card\" content=\"summary_large_image\" \/>\n<meta name=\"twitter:label1\" content=\"\u01af\u1edbc t\u00ednh th\u1eddi gian \u0111\u1ecdc\" \/>\n\t<meta name=\"twitter:data1\" content=\"2 ph\u00fat\" \/>\n<script type=\"application\/ld+json\" class=\"yoast-schema-graph\">{\"@context\":\"https:\/\/schema.org\",\"@graph\":[{\"@type\":\"WebPage\",\"@id\":\"https:\/\/hedieuhanh.net\/site\/download\/key-windows-7\/\",\"url\":\"https:\/\/hedieuhanh.net\/site\/download\/key-windows-7\/\",\"name\":\"Key windows 7 - T\u1ea3i win 11 10 8.1 7 XP mi\u1ec5n ph\u00ed\",\"isPartOf\":{\"@id\":\"https:\/\/hedieuhanh.net\/site\/download\/#website\"},\"datePublished\":\"2018-01-19T09:12:07+00:00\",\"dateModified\":\"2018-01-20T08:22:57+00:00\",\"breadcrumb\":{\"@id\":\"https:\/\/hedieuhanh.net\/site\/download\/key-windows-7\/#breadcrumb\"},\"inLanguage\":\"vi\",\"potentialAction\":[{\"@type\":\"ReadAction\",\"target\":[\"https:\/\/hedieuhanh.net\/site\/download\/key-windows-7\/\"]}]},{\"@type\":\"BreadcrumbList\",\"@id\":\"https:\/\/hedieuhanh.net\/site\/download\/key-windows-7\/#breadcrumb\",\"itemListElement\":[{\"@type\":\"ListItem\",\"position\":1,\"name\":\"Home\",\"item\":\"https:\/\/hedieuhanh.net\/site\/download\/\"},{\"@type\":\"ListItem\",\"position\":2,\"name\":\"Key windows 7\"}]},{\"@type\":\"WebSite\",\"@id\":\"https:\/\/hedieuhanh.net\/site\/download\/#website\",\"url\":\"https:\/\/hedieuhanh.net\/site\/download\/\",\"name\":\"T\u1ea3i win 11 10 8.1 7 XP mi\u1ec5n ph\u00ed\",\"description\":\"B\u1ea3n c\u1eadp nh\u1eadt m\u1edbi nh\u1ea5t\",\"publisher\":{\"@id\":\"https:\/\/hedieuhanh.net\/site\/download\/#\/schema\/person\/c19c5af6774895edcd634dbdf9e84160\"},\"potentialAction\":[{\"@type\":\"SearchAction\",\"target\":{\"@type\":\"EntryPoint\",\"urlTemplate\":\"https:\/\/hedieuhanh.net\/site\/download\/?s={search_term_string}\"},\"query-input\":\"required name=search_term_string\"}],\"inLanguage\":\"vi\"},{\"@type\":[\"Person\",\"Organization\"],\"@id\":\"https:\/\/hedieuhanh.net\/site\/download\/#\/schema\/person\/c19c5af6774895edcd634dbdf9e84160\",\"name\":\"admin\",\"image\":{\"@type\":\"ImageObject\",\"inLanguage\":\"vi\",\"@id\":\"https:\/\/hedieuhanh.net\/site\/download\/#\/schema\/person\/image\/\",\"url\":\"https:\/\/hedieuhanh.net\/site\/download\/wp-content\/uploads\/sites\/2\/2022\/11\/cute-anime-girl-wallpaper-thumb.jpg\",\"contentUrl\":\"https:\/\/hedieuhanh.net\/site\/download\/wp-content\/uploads\/sites\/2\/2022\/11\/cute-anime-girl-wallpaper-thumb.jpg\",\"width\":465,\"height\":310,\"caption\":\"admin\"},\"logo\":{\"@id\":\"https:\/\/hedieuhanh.net\/site\/download\/#\/schema\/person\/image\/\"},\"sameAs\":[\"https:\/\/www.facebook.com\/huongdancaiwin\"]}]}<\/script>\n<!-- \/ Yoast SEO plugin. -->","yoast_head_json":{"title":"Key windows 7 - T\u1ea3i win 11 10 8.1 7 XP mi\u1ec5n ph\u00ed","robots":{"index":"index","follow":"follow","max-snippet":"max-snippet:-1","max-image-preview":"max-image-preview:large","max-video-preview":"max-video-preview:-1"},"canonical":"https:\/\/hedieuhanh.net\/site\/download\/key-windows-7\/","og_locale":"vi_VN","og_type":"article","og_title":"Key windows 7 - T\u1ea3i win 11 10 8.1 7 XP mi\u1ec5n ph\u00ed","og_description":"Key Win 7 l\u00e0 g\u00ec ? C\u1eadp nh\u1eadt KEY Windows 7 M\u1edbi nh\u1ea5t 2018 Key Win 7 l\u00e0 nh\u1eefng \u0111o\u1ea1n m\u00e3 code bao g\u1ed3m ch\u1eef hoa v\u00e0 s\u1ed1 d\u00f9ng \u0111\u1ec3 k\u00edch ho\u1ea1t b\u1ea3n quy\u1ec1n c\u1ee7a h\u1ec7 \u0111i\u1ec1u h\u00e0nh Windows 7. M\u1ed9t key windows 7 c\u00f3 25 k\u00fd t\u1ef1, b\u1ea1n c\u00f3 th\u1ec3 l\u1ea5y c\u00e1c k\u00fd t\u1ef1 continue reading","og_url":"https:\/\/hedieuhanh.net\/site\/download\/key-windows-7\/","og_site_name":"T\u1ea3i win 11 10 8.1 7 XP mi\u1ec5n ph\u00ed","article_publisher":"https:\/\/www.facebook.com\/huongdancaiwin","article_modified_time":"2018-01-20T08:22:57+00:00","og_image":[{"url":"https:\/\/hedieuhanh.net\/site\/download\/wp-content\/uploads\/sites\/2\/2018\/01\/hqdefault.jpg"}],"twitter_card":"summary_large_image","twitter_misc":{"\u01af\u1edbc t\u00ednh th\u1eddi gian \u0111\u1ecdc":"2 ph\u00fat"},"schema":{"@context":"https:\/\/schema.org","@graph":[{"@type":"WebPage","@id":"https:\/\/hedieuhanh.net\/site\/download\/key-windows-7\/","url":"https:\/\/hedieuhanh.net\/site\/download\/key-windows-7\/","name":"Key windows 7 - T\u1ea3i win 11 10 8.1 7 XP mi\u1ec5n ph\u00ed","isPartOf":{"@id":"https:\/\/hedieuhanh.net\/site\/download\/#website"},"datePublished":"2018-01-19T09:12:07+00:00","dateModified":"2018-01-20T08:22:57+00:00","breadcrumb":{"@id":"https:\/\/hedieuhanh.net\/site\/download\/key-windows-7\/#breadcrumb"},"inLanguage":"vi","potentialAction":[{"@type":"ReadAction","target":["https:\/\/hedieuhanh.net\/site\/download\/key-windows-7\/"]}]},{"@type":"BreadcrumbList","@id":"https:\/\/hedieuhanh.net\/site\/download\/key-windows-7\/#breadcrumb","itemListElement":[{"@type":"ListItem","position":1,"name":"Home","item":"https:\/\/hedieuhanh.net\/site\/download\/"},{"@type":"ListItem","position":2,"name":"Key windows 7"}]},{"@type":"WebSite","@id":"https:\/\/hedieuhanh.net\/site\/download\/#website","url":"https:\/\/hedieuhanh.net\/site\/download\/","name":"T\u1ea3i win 11 10 8.1 7 XP mi\u1ec5n ph\u00ed","description":"B\u1ea3n c\u1eadp nh\u1eadt m\u1edbi nh\u1ea5t","publisher":{"@id":"https:\/\/hedieuhanh.net\/site\/download\/#\/schema\/person\/c19c5af6774895edcd634dbdf9e84160"},"potentialAction":[{"@type":"SearchAction","target":{"@type":"EntryPoint","urlTemplate":"https:\/\/hedieuhanh.net\/site\/download\/?s={search_term_string}"},"query-input":"required name=search_term_string"}],"inLanguage":"vi"},{"@type":["Person","Organization"],"@id":"https:\/\/hedieuhanh.net\/site\/download\/#\/schema\/person\/c19c5af6774895edcd634dbdf9e84160","name":"admin","image":{"@type":"ImageObject","inLanguage":"vi","@id":"https:\/\/hedieuhanh.net\/site\/download\/#\/schema\/person\/image\/","url":"https:\/\/hedieuhanh.net\/site\/download\/wp-content\/uploads\/sites\/2\/2022\/11\/cute-anime-girl-wallpaper-thumb.jpg","contentUrl":"https:\/\/hedieuhanh.net\/site\/download\/wp-content\/uploads\/sites\/2\/2022\/11\/cute-anime-girl-wallpaper-thumb.jpg","width":465,"height":310,"caption":"admin"},"logo":{"@id":"https:\/\/hedieuhanh.net\/site\/download\/#\/schema\/person\/image\/"},"sameAs":["https:\/\/www.facebook.com\/huongdancaiwin"]}]}},"_links":{"self":[{"href":"https:\/\/hedieuhanh.net\/site\/download\/wp-json\/wp\/v2\/pages\/65"}],"collection":[{"href":"https:\/\/hedieuhanh.net\/site\/download\/wp-json\/wp\/v2\/pages"}],"about":[{"href":"https:\/\/hedieuhanh.net\/site\/download\/wp-json\/wp\/v2\/types\/page"}],"author":[{"embeddable":true,"href":"https:\/\/hedieuhanh.net\/site\/download\/wp-json\/wp\/v2\/users\/1"}],"replies":[{"embeddable":true,"href":"https:\/\/hedieuhanh.net\/site\/download\/wp-json\/wp\/v2\/comments?post=65"}],"version-history":[{"count":5,"href":"https:\/\/hedieuhanh.net\/site\/download\/wp-json\/wp\/v2\/pages\/65\/revisions"}],"predecessor-version":[{"id":98,"href":"https:\/\/hedieuhanh.net\/site\/download\/wp-json\/wp\/v2\/pages\/65\/revisions\/98"}],"wp:attachment":[{"href":"https:\/\/hedieuhanh.net\/site\/download\/wp-json\/wp\/v2\/media?parent=65"}],"curies":[{"name":"wp","href":"https:\/\/api.w.org\/{rel}","templated":true}]}}